{"id":12336,"date":"2023-02-02T23:26:33","date_gmt":"2023-02-02T22:26:33","guid":{"rendered":"https:\/\/dev1.internetzonei.com\/ronvil\/ronvil?page_id=12336"},"modified":"2023-09-18T13:48:57","modified_gmt":"2023-09-18T11:48:57","slug":"miguel-ronemus","status":"publish","type":"page","link":"https:\/\/www.ronvil.com\/es\/acerca-de\/miguel-ronemus\/","title":{"rendered":"Miguel ronemus"},"content":{"rendered":"\t\t<div data-elementor-type=\"wp-page\" data-elementor-id=\"12336\" class=\"elementor elementor-12336 elementor-9571\" data-elementor-post-type=\"page\">\n\t\t\t\t\t\t<section class=\"elementor-section elementor-top-section elementor-element elementor-element-ba78035 elementor-section-height-min-height elementor-section-boxed elementor-section-height-default elementor-section-items-middle\" data-id=\"ba78035\" data-element_type=\"section\" data-e-type=\"section\" data-settings=\"{&quot;background_background&quot;:&quot;classic&quot;}\">\n\t\t\t\t\t\t<div class=\"elementor-container elementor-column-gap-default\">\n\t\t\t\t\t<div class=\"elementor-column elementor-col-100 elementor-top-column elementor-element elementor-element-125c51c\" data-id=\"125c51c\" data-element_type=\"column\" data-e-type=\"column\">\n\t\t\t<div class=\"elementor-widget-wrap elementor-element-populated\">\n\t\t\t\t\t\t<div class=\"elementor-element elementor-element-c3a2dc3 elementor-widget elementor-widget-heading\" data-id=\"c3a2dc3\" data-element_type=\"widget\" data-e-type=\"widget\" data-widget_type=\"heading.default\">\n\t\t\t\t<div class=\"elementor-widget-container\">\n\t\t\t\t\t<p class=\"elementor-heading-title elementor-size-default\">ABOUT MICHAEL RONEMUS<\/p>\t\t\t\t<\/div>\n\t\t\t\t<\/div>\n\t\t\t\t\t<\/div>\n\t\t<\/div>\n\t\t\t\t\t<\/div>\n\t\t<\/section>\n\t\t\t\t<section class=\"elementor-section elementor-top-section elementor-element elementor-element-ef88039 elementor-section-boxed elementor-section-height-default elementor-section-height-default\" data-id=\"ef88039\" data-element_type=\"section\" data-e-type=\"section\">\n\t\t\t\t\t\t<div class=\"elementor-container elementor-column-gap-default\">\n\t\t\t\t\t<div class=\"elementor-column elementor-col-100 elementor-top-column elementor-element elementor-element-c2617a0\" data-id=\"c2617a0\" data-element_type=\"column\" data-e-type=\"column\">\n\t\t\t<div class=\"elementor-widget-wrap elementor-element-populated\">\n\t\t\t\t\t\t<div class=\"elementor-element elementor-element-ffd8fca elementor-widget elementor-widget-breadcrumbs\" data-id=\"ffd8fca\" data-element_type=\"widget\" data-e-type=\"widget\" data-widget_type=\"breadcrumbs.default\">\n\t\t\t\t<div class=\"elementor-widget-container\">\n\t\t\t\t\t<p id=\"breadcrumbs\"><span><span><a href=\"https:\/\/www.ronvil.com\/es\/\">Home<\/a><\/span><\/span><\/p>\t\t\t\t<\/div>\n\t\t\t\t<\/div>\n\t\t\t\t\t<\/div>\n\t\t<\/div>\n\t\t\t\t\t<\/div>\n\t\t<\/section>\n\t\t\t\t<section class=\"elementor-section elementor-top-section elementor-element elementor-element-c2de7b0 elementor-section-boxed elementor-section-height-default elementor-section-height-default\" data-id=\"c2de7b0\" data-element_type=\"section\" data-e-type=\"section\">\n\t\t\t\t\t\t<div class=\"elementor-container elementor-column-gap-default\">\n\t\t\t\t\t<div class=\"elementor-column elementor-col-50 elementor-top-column elementor-element elementor-element-8bd99f1\" data-id=\"8bd99f1\" data-element_type=\"column\" data-e-type=\"column\">\n\t\t\t<div class=\"elementor-widget-wrap elementor-element-populated\">\n\t\t\t\t\t\t<div class=\"elementor-element elementor-element-e5b84ea elementor-widget elementor-widget-image\" data-id=\"e5b84ea\" data-element_type=\"widget\" data-e-type=\"widget\" data-widget_type=\"image.default\">\n\t\t\t\t<div class=\"elementor-widget-container\">\n\t\t\t\t\t\t\t\t\t\t\t\t\t\t\t<img fetchpriority=\"high\" decoding=\"async\" width=\"800\" height=\"935\" src=\"https:\/\/www.ronvil.com\/wp-content\/uploads\/2023\/02\/michael-ronemus.jpg\" class=\"attachment-full size-full wp-image-9645\" alt=\"\" srcset=\"https:\/\/www.ronvil.com\/wp-content\/uploads\/2023\/02\/michael-ronemus.jpg 800w, https:\/\/www.ronvil.com\/wp-content\/uploads\/2023\/02\/michael-ronemus-257x300.jpg 257w, https:\/\/www.ronvil.com\/wp-content\/uploads\/2023\/02\/michael-ronemus-768x898.jpg 768w\" sizes=\"(max-width: 800px) 100vw, 800px\" \/>\t\t\t\t\t\t\t\t\t\t\t\t\t\t\t<\/div>\n\t\t\t\t<\/div>\n\t\t\t\t<div class=\"elementor-element elementor-element-5ec37c7 elementor-widget elementor-widget-image\" data-id=\"5ec37c7\" data-element_type=\"widget\" data-e-type=\"widget\" data-widget_type=\"image.default\">\n\t\t\t\t<div class=\"elementor-widget-container\">\n\t\t\t\t\t\t\t\t\t\t\t\t\t\t\t<img decoding=\"async\" width=\"608\" height=\"608\" src=\"https:\/\/www.ronvil.com\/wp-content\/uploads\/2023\/02\/super-lawyers-15-years.png\" class=\"attachment-full size-full wp-image-9578\" alt=\"\" srcset=\"https:\/\/www.ronvil.com\/wp-content\/uploads\/2023\/02\/super-lawyers-15-years.png 608w, https:\/\/www.ronvil.com\/wp-content\/uploads\/2023\/02\/super-lawyers-15-years-300x300.png 300w, https:\/\/www.ronvil.com\/wp-content\/uploads\/2023\/02\/super-lawyers-15-years-150x150.png 150w\" sizes=\"(max-width: 608px) 100vw, 608px\" \/>\t\t\t\t\t\t\t\t\t\t\t\t\t\t\t<\/div>\n\t\t\t\t<\/div>\n\t\t\t\t\t<\/div>\n\t\t<\/div>\n\t\t\t\t<div class=\"elementor-column elementor-col-50 elementor-top-column elementor-element elementor-element-7e02b06\" data-id=\"7e02b06\" data-element_type=\"column\" data-e-type=\"column\">\n\t\t\t<div class=\"elementor-widget-wrap elementor-element-populated\">\n\t\t\t\t\t\t<div class=\"elementor-element elementor-element-602091b elementor-widget elementor-widget-heading\" data-id=\"602091b\" data-element_type=\"widget\" data-e-type=\"widget\" data-widget_type=\"heading.default\">\n\t\t\t\t<div class=\"elementor-widget-container\">\n\t\t\t\t\t<h2 class=\"elementor-heading-title elementor-size-default\">Miguel ronemus<\/h2>\t\t\t\t<\/div>\n\t\t\t\t<\/div>\n\t\t\t\t<div class=\"elementor-element elementor-element-f1f399d elementor-widget elementor-widget-text-editor\" data-id=\"f1f399d\" data-element_type=\"widget\" data-e-type=\"widget\" data-widget_type=\"text-editor.default\">\n\t\t\t\t<div class=\"elementor-widget-container\">\n\t\t\t\t\t\t\t\t\t<p>Michael B. Ronemus tiene una amplia experiencia en litigios que cubren una amplia gama de \u00e1reas legales. Debido a su educaci\u00f3n en la facultad de medicina, est\u00e1 excepcionalmente calificado en las \u00e1reas de negligencia m\u00e9dica y lesiones personales. En sus m\u00e1s de 20 a\u00f1os de pr\u00e1ctica, ha logrado un impresionante r\u00e9cord de \u00e9xito, habiendo juzgado m\u00e1s de cien casos hasta el veredicto y ganando millones en compensaci\u00f3n para sus clientes. Es bien conocido en todo Nueva York por su profundo conocimiento de los casos de lesiones cerebrales traum\u00e1ticas.<\/p><p>Despu\u00e9s de obtener una Licenciatura en Ciencias de la Universidad de Colorado en 1977, asisti\u00f3 a la Facultad de Medicina de la Universidad de Vanderbilt y luego se matricul\u00f3 en la Facultad de Derecho de la Universidad de Nueva York, donde recibi\u00f3 su Doctorado en Jurisprudencia en 1983.<\/p><p>En 1984, el Sr. Ronemus obtuvo la licencia para ejercer la abogac\u00eda en Nueva York y Massachusetts. Fue admitido en Connecticut en 1987. Antes de convertirse en socio de Ronemus &amp; Vilensky, el Sr. Ronemus fue asistente del fiscal de distrito en Brooklyn, Nueva York, asociado de Landau &amp; Miller y en la pr\u00e1ctica privada.<\/p><p>Actualmente, el Sr. Ronemus es miembro de numerosas organizaciones profesionales, incluida la Red de Abogados de Lesiones Cerebrales Traum\u00e1ticas, la <a href=\"https:\/\/www.nystla.org\/\" target=\"_blank\" rel=\"noopener\">Asociaci\u00f3n de Abogados Litigantes del Estado de Nueva York<\/a>, <a href=\"https:\/\/www.nndb.com\/org\/125\/000116774\/\" target=\"_blank\" rel=\"noopener\">la Asociaci\u00f3n de Abogados Litigantes de Am\u00e9rica<\/a>, <a href=\"https:\/\/www.nndb.com\/org\/510\/000117159\/\" target=\"_blank\" rel=\"noopener\">la Asociaci\u00f3n de Abogados Litigantes de Connecticut<\/a> y la Asociaci\u00f3n de Abogados\/Abogados M\u00e9dicos del Estado de Nueva York. Comit\u00e9 de mala praxis.<\/p><p>El Sr. Ronemus ha dado conferencias para la Asociaci\u00f3n de Abogados Litigantes del Estado de Nueva York, la Asociaci\u00f3n de Abogados Litigantes de Am\u00e9rica y la Asociaci\u00f3n de Abogados Litigantes de Connecticut sobre temas que incluyen la ley de veh\u00edculos motorizados, la ley de seguros, casos de seguridad negligente y negligencia m\u00e9dica.<\/p>\t\t\t\t\t\t\t\t<\/div>\n\t\t\t\t<\/div>\n\t\t\t\t\t<\/div>\n\t\t<\/div>\n\t\t\t\t\t<\/div>\n\t\t<\/section>\n\t\t\t\t<\/div>\n\t\t","protected":false},"excerpt":{"rendered":"<p>ABOUT MICHAEL RONEMUS Michael B. Ronemus tiene una amplia experiencia en litigios que cubren una amplia gama de \u00e1reas legales. Debido a su educaci\u00f3n en la facultad de medicina, est\u00e1 excepcionalmente calificado en las \u00e1reas de negligencia m\u00e9dica y lesiones personales. En sus m\u00e1s de 20 a\u00f1os de pr\u00e1ctica, ha logrado un impresionante r\u00e9cord de <a class=\"more-link\" aria-label=\"Read more about Miguel ronemus\" href=\"https:\/\/www.ronvil.com\/es\/acerca-de\/miguel-ronemus\/\">Read More \u00bb<\/a><\/p>\n","protected":false},"author":4,"featured_media":0,"parent":12301,"menu_order":0,"comment_status":"closed","ping_status":"closed","template":"elementor_header_footer","meta":{"_acf_changed":false,"footnotes":""},"class_list":["post-12336","page","type-page","status-publish","hentry"],"acf":[],"yoast_head":"<!-- This site is optimized with the Yoast SEO Premium plugin v27.5 (Yoast SEO v27.6) - https:\/\/yoast.com\/product\/yoast-seo-premium-wordpress\/ -->\n<title>Miguel ronemus - Ronvil<\/title>\n<meta name=\"robots\" content=\"index, follow, max-snippet:-1, max-image-preview:large, max-video-preview:-1\" \/>\n<link rel=\"canonical\" href=\"https:\/\/www.ronvil.com\/es\/acerca-de\/miguel-ronemus\/\" \/>\n<meta property=\"og:locale\" content=\"es_ES\" \/>\n<meta property=\"og:type\" content=\"article\" \/>\n<meta property=\"og:title\" content=\"Miguel ronemus\" \/>\n<meta property=\"og:description\" content=\"ABOUT MICHAEL RONEMUS Michael B. Ronemus tiene una amplia experiencia en litigios que cubren una amplia gama de \u00e1reas legales. Debido a su educaci\u00f3n en la facultad de medicina, est\u00e1 excepcionalmente calificado en las \u00e1reas de negligencia m\u00e9dica y lesiones personales. En sus m\u00e1s de 20 a\u00f1os de pr\u00e1ctica, ha logrado un impresionante r\u00e9cord de Read More \u00bb\" \/>\n<meta property=\"og:url\" content=\"https:\/\/www.ronvil.com\/es\/acerca-de\/miguel-ronemus\/\" \/>\n<meta property=\"og:site_name\" content=\"Ronvil\" \/>\n<meta property=\"article:publisher\" content=\"https:\/\/www.facebook.com\/ronemusandvilensky\/\" \/>\n<meta property=\"article:modified_time\" content=\"2023-09-18T11:48:57+00:00\" \/>\n<meta property=\"og:image\" content=\"https:\/\/www.ronvil.com\/wp-content\/uploads\/2023\/02\/michael-ronemus.jpg\" \/>\n<meta name=\"twitter:card\" content=\"summary_large_image\" \/>\n<meta name=\"twitter:site\" content=\"@michaelronemus\" \/>\n<meta name=\"twitter:label1\" content=\"Tiempo de lectura\" \/>\n\t<meta name=\"twitter:data1\" content=\"2 minutos\" \/>\n<!-- \/ Yoast SEO Premium plugin. -->","yoast_head_json":{"title":"Miguel ronemus - Ronvil","robots":{"index":"index","follow":"follow","max-snippet":"max-snippet:-1","max-image-preview":"max-image-preview:large","max-video-preview":"max-video-preview:-1"},"canonical":"https:\/\/www.ronvil.com\/es\/acerca-de\/miguel-ronemus\/","og_locale":"es_ES","og_type":"article","og_title":"Miguel ronemus","og_description":"ABOUT MICHAEL RONEMUS Michael B. Ronemus tiene una amplia experiencia en litigios que cubren una amplia gama de \u00e1reas legales. Debido a su educaci\u00f3n en la facultad de medicina, est\u00e1 excepcionalmente calificado en las \u00e1reas de negligencia m\u00e9dica y lesiones personales. En sus m\u00e1s de 20 a\u00f1os de pr\u00e1ctica, ha logrado un impresionante r\u00e9cord de Read More \u00bb","og_url":"https:\/\/www.ronvil.com\/es\/acerca-de\/miguel-ronemus\/","og_site_name":"Ronvil","article_publisher":"https:\/\/www.facebook.com\/ronemusandvilensky\/","article_modified_time":"2023-09-18T11:48:57+00:00","og_image":[{"url":"https:\/\/www.ronvil.com\/wp-content\/uploads\/2023\/02\/michael-ronemus.jpg","type":"","width":"","height":""}],"twitter_card":"summary_large_image","twitter_site":"@michaelronemus","twitter_misc":{"Tiempo de lectura":"2 minutos"},"schema":{"@context":"https:\/\/schema.org","@graph":[{"@type":"WebPage","@id":"https:\/\/www.ronvil.com\/es\/acerca-de\/miguel-ronemus\/","url":"https:\/\/www.ronvil.com\/es\/acerca-de\/miguel-ronemus\/","name":"Miguel ronemus - Ronvil","isPartOf":{"@id":"https:\/\/www.ronvil.com\/es\/#website"},"primaryImageOfPage":{"@id":"https:\/\/www.ronvil.com\/es\/acerca-de\/miguel-ronemus\/#primaryimage"},"image":{"@id":"https:\/\/www.ronvil.com\/es\/acerca-de\/miguel-ronemus\/#primaryimage"},"thumbnailUrl":"https:\/\/www.ronvil.com\/wp-content\/uploads\/2023\/02\/michael-ronemus.jpg","datePublished":"2023-02-02T22:26:33+00:00","dateModified":"2023-09-18T11:48:57+00:00","breadcrumb":{"@id":"https:\/\/www.ronvil.com\/es\/acerca-de\/miguel-ronemus\/#breadcrumb"},"inLanguage":"es","potentialAction":[{"@type":"ReadAction","target":["https:\/\/www.ronvil.com\/es\/acerca-de\/miguel-ronemus\/"]}]},{"@type":"ImageObject","inLanguage":"es","@id":"https:\/\/www.ronvil.com\/es\/acerca-de\/miguel-ronemus\/#primaryimage","url":"https:\/\/www.ronvil.com\/wp-content\/uploads\/2023\/02\/michael-ronemus.jpg","contentUrl":"https:\/\/www.ronvil.com\/wp-content\/uploads\/2023\/02\/michael-ronemus.jpg"},{"@type":"BreadcrumbList","@id":"https:\/\/www.ronvil.com\/es\/acerca-de\/miguel-ronemus\/#breadcrumb","itemListElement":[{"@type":"ListItem","position":1,"name":"Home","item":"https:\/\/www.ronvil.com\/es\/"},{"@type":"ListItem","position":2,"name":"Acerca de","item":"https:\/\/www.ronvil.com\/es\/about\/"},{"@type":"ListItem","position":3,"name":"Miguel ronemus"}]},{"@type":"WebSite","@id":"https:\/\/www.ronvil.com\/es\/#website","url":"https:\/\/www.ronvil.com\/es\/","name":"Ronemus & Vilensky LLP","description":"","publisher":{"@id":"https:\/\/www.ronvil.com\/es\/#organization"},"potentialAction":[{"@type":"SearchAction","target":{"@type":"EntryPoint","urlTemplate":"https:\/\/www.ronvil.com\/es\/?s={search_term_string}"},"query-input":{"@type":"PropertyValueSpecification","valueRequired":true,"valueName":"search_term_string"}}],"inLanguage":"es"},{"@type":"Organization","@id":"https:\/\/www.ronvil.com\/es\/#organization","name":"Ronemus & Vilensky","url":"https:\/\/www.ronvil.com\/es\/","logo":{"@type":"ImageObject","inLanguage":"es","@id":"https:\/\/www.ronvil.com\/es\/#\/schema\/logo\/image\/","url":"https:\/\/www.ronvil.com\/wp-content\/uploads\/2023\/01\/rv.png","contentUrl":"https:\/\/www.ronvil.com\/wp-content\/uploads\/2023\/01\/rv.png","width":175,"height":60,"caption":"Ronemus & Vilensky"},"image":{"@id":"https:\/\/www.ronvil.com\/es\/#\/schema\/logo\/image\/"},"sameAs":["https:\/\/www.facebook.com\/ronemusandvilensky\/","https:\/\/x.com\/michaelronemus","https:\/\/www.crunchbase.com\/organization\/ronemus-vilensky","https:\/\/www.linkedin.com\/company\/ronemus-&amp;-vilensky-llp","https:\/\/profiles.superlawyers.com\/new-york-metro\/new-york\/lawfirm\/ronemus-and-vilensky\/4a672c01-8d6e-4500-9971-e66a5c59ce67.html","https:\/\/pview.findlaw.com\/view\/1349698_1","https:\/\/www.youtube.com\/channel\/UChAz6FxQwa3zhnx6XYSIatw","https:\/\/www.hg.org\/attorney\/ronemus-and-vilensky\/115062"]}]}},"_links":{"self":[{"href":"https:\/\/www.ronvil.com\/es\/wp-json\/wp\/v2\/pages\/12336","targetHints":{"allow":["GET"]}}],"collection":[{"href":"https:\/\/www.ronvil.com\/es\/wp-json\/wp\/v2\/pages"}],"about":[{"href":"https:\/\/www.ronvil.com\/es\/wp-json\/wp\/v2\/types\/page"}],"author":[{"embeddable":true,"href":"https:\/\/www.ronvil.com\/es\/wp-json\/wp\/v2\/users\/4"}],"replies":[{"embeddable":true,"href":"https:\/\/www.ronvil.com\/es\/wp-json\/wp\/v2\/comments?post=12336"}],"version-history":[{"count":10,"href":"https:\/\/www.ronvil.com\/es\/wp-json\/wp\/v2\/pages\/12336\/revisions"}],"predecessor-version":[{"id":14788,"href":"https:\/\/www.ronvil.com\/es\/wp-json\/wp\/v2\/pages\/12336\/revisions\/14788"}],"up":[{"embeddable":true,"href":"https:\/\/www.ronvil.com\/es\/wp-json\/wp\/v2\/pages\/12301"}],"wp:attachment":[{"href":"https:\/\/www.ronvil.com\/es\/wp-json\/wp\/v2\/media?parent=12336"}],"curies":[{"name":"wp","href":"https:\/\/api.w.org\/{rel}","templated":true}]}}