{"id":12335,"date":"2023-02-02T23:41:40","date_gmt":"2023-02-02T22:41:40","guid":{"rendered":"https:\/\/dev1.internetzonei.com\/ronvil\/ronvil?page_id=12335"},"modified":"2023-09-18T13:48:33","modified_gmt":"2023-09-18T11:48:33","slug":"roberto-vilensky","status":"publish","type":"page","link":"https:\/\/www.ronvil.com\/es\/acerca-de\/roberto-vilensky\/","title":{"rendered":"Roberto Vilensky"},"content":{"rendered":"\t\t<div data-elementor-type=\"wp-page\" data-elementor-id=\"12335\" class=\"elementor elementor-12335 elementor-9589\" data-elementor-post-type=\"page\">\n\t\t\t\t\t\t<section class=\"elementor-section elementor-top-section elementor-element elementor-element-ba78035 elementor-section-height-min-height elementor-section-boxed elementor-section-height-default elementor-section-items-middle\" data-id=\"ba78035\" data-element_type=\"section\" data-e-type=\"section\" data-settings=\"{&quot;background_background&quot;:&quot;classic&quot;}\">\n\t\t\t\t\t\t<div class=\"elementor-container elementor-column-gap-default\">\n\t\t\t\t\t<div class=\"elementor-column elementor-col-100 elementor-top-column elementor-element elementor-element-125c51c\" data-id=\"125c51c\" data-element_type=\"column\" data-e-type=\"column\">\n\t\t\t<div class=\"elementor-widget-wrap elementor-element-populated\">\n\t\t\t\t\t\t<div class=\"elementor-element elementor-element-c3a2dc3 elementor-widget elementor-widget-heading\" data-id=\"c3a2dc3\" data-element_type=\"widget\" data-e-type=\"widget\" data-widget_type=\"heading.default\">\n\t\t\t\t<div class=\"elementor-widget-container\">\n\t\t\t\t\t<p class=\"elementor-heading-title elementor-size-default\">ABOUT ROBERT VILENSKY<\/p>\t\t\t\t<\/div>\n\t\t\t\t<\/div>\n\t\t\t\t\t<\/div>\n\t\t<\/div>\n\t\t\t\t\t<\/div>\n\t\t<\/section>\n\t\t\t\t<section class=\"elementor-section elementor-top-section elementor-element elementor-element-ef88039 elementor-section-boxed elementor-section-height-default elementor-section-height-default\" data-id=\"ef88039\" data-element_type=\"section\" data-e-type=\"section\">\n\t\t\t\t\t\t<div class=\"elementor-container elementor-column-gap-default\">\n\t\t\t\t\t<div class=\"elementor-column elementor-col-100 elementor-top-column elementor-element elementor-element-c2617a0\" data-id=\"c2617a0\" data-element_type=\"column\" data-e-type=\"column\">\n\t\t\t<div class=\"elementor-widget-wrap elementor-element-populated\">\n\t\t\t\t\t\t<div class=\"elementor-element elementor-element-ffd8fca elementor-widget elementor-widget-breadcrumbs\" data-id=\"ffd8fca\" data-element_type=\"widget\" data-e-type=\"widget\" data-widget_type=\"breadcrumbs.default\">\n\t\t\t\t<div class=\"elementor-widget-container\">\n\t\t\t\t\t<p id=\"breadcrumbs\"><span><span><a href=\"https:\/\/www.ronvil.com\/es\/\">Home<\/a><\/span><\/span><\/p>\t\t\t\t<\/div>\n\t\t\t\t<\/div>\n\t\t\t\t\t<\/div>\n\t\t<\/div>\n\t\t\t\t\t<\/div>\n\t\t<\/section>\n\t\t\t\t<section class=\"elementor-section elementor-top-section elementor-element elementor-element-c2de7b0 elementor-section-boxed elementor-section-height-default elementor-section-height-default\" data-id=\"c2de7b0\" data-element_type=\"section\" data-e-type=\"section\">\n\t\t\t\t\t\t<div class=\"elementor-container elementor-column-gap-default\">\n\t\t\t\t\t<div class=\"elementor-column elementor-col-50 elementor-top-column elementor-element elementor-element-8bd99f1\" data-id=\"8bd99f1\" data-element_type=\"column\" data-e-type=\"column\">\n\t\t\t<div class=\"elementor-widget-wrap elementor-element-populated\">\n\t\t\t\t\t\t<div class=\"elementor-element elementor-element-e5b84ea elementor-widget elementor-widget-image\" data-id=\"e5b84ea\" data-element_type=\"widget\" data-e-type=\"widget\" data-widget_type=\"image.default\">\n\t\t\t\t<div class=\"elementor-widget-container\">\n\t\t\t\t\t\t\t\t\t\t\t\t\t\t\t<img fetchpriority=\"high\" decoding=\"async\" width=\"800\" height=\"1276\" src=\"https:\/\/www.ronvil.com\/wp-content\/uploads\/2023\/02\/robert-vilensky.jpg\" class=\"attachment-full size-full wp-image-9647\" alt=\"\" srcset=\"https:\/\/www.ronvil.com\/wp-content\/uploads\/2023\/02\/robert-vilensky.jpg 800w, https:\/\/www.ronvil.com\/wp-content\/uploads\/2023\/02\/robert-vilensky-188x300.jpg 188w, https:\/\/www.ronvil.com\/wp-content\/uploads\/2023\/02\/robert-vilensky-642x1024.jpg 642w, https:\/\/www.ronvil.com\/wp-content\/uploads\/2023\/02\/robert-vilensky-768x1225.jpg 768w\" sizes=\"(max-width: 800px) 100vw, 800px\" \/>\t\t\t\t\t\t\t\t\t\t\t\t\t\t\t<\/div>\n\t\t\t\t<\/div>\n\t\t\t\t<div class=\"elementor-element elementor-element-5ec37c7 elementor-widget elementor-widget-image\" data-id=\"5ec37c7\" data-element_type=\"widget\" data-e-type=\"widget\" data-widget_type=\"image.default\">\n\t\t\t\t<div class=\"elementor-widget-container\">\n\t\t\t\t\t\t\t\t\t\t\t\t\t\t\t<img decoding=\"async\" width=\"608\" height=\"608\" src=\"https:\/\/www.ronvil.com\/wp-content\/uploads\/2023\/02\/super-lawyers-15-years.png\" class=\"attachment-full size-full wp-image-9578\" alt=\"\" srcset=\"https:\/\/www.ronvil.com\/wp-content\/uploads\/2023\/02\/super-lawyers-15-years.png 608w, https:\/\/www.ronvil.com\/wp-content\/uploads\/2023\/02\/super-lawyers-15-years-300x300.png 300w, https:\/\/www.ronvil.com\/wp-content\/uploads\/2023\/02\/super-lawyers-15-years-150x150.png 150w\" sizes=\"(max-width: 608px) 100vw, 608px\" \/>\t\t\t\t\t\t\t\t\t\t\t\t\t\t\t<\/div>\n\t\t\t\t<\/div>\n\t\t\t\t\t<\/div>\n\t\t<\/div>\n\t\t\t\t<div class=\"elementor-column elementor-col-50 elementor-top-column elementor-element elementor-element-7e02b06\" data-id=\"7e02b06\" data-element_type=\"column\" data-e-type=\"column\">\n\t\t\t<div class=\"elementor-widget-wrap elementor-element-populated\">\n\t\t\t\t\t\t<div class=\"elementor-element elementor-element-602091b elementor-widget elementor-widget-heading\" data-id=\"602091b\" data-element_type=\"widget\" data-e-type=\"widget\" data-widget_type=\"heading.default\">\n\t\t\t\t<div class=\"elementor-widget-container\">\n\t\t\t\t\t<h2 class=\"elementor-heading-title elementor-size-default\">Roberto Vilensky<\/h2>\t\t\t\t<\/div>\n\t\t\t\t<\/div>\n\t\t\t\t<div class=\"elementor-element elementor-element-f1f399d elementor-widget elementor-widget-text-editor\" data-id=\"f1f399d\" data-element_type=\"widget\" data-e-type=\"widget\" data-widget_type=\"text-editor.default\">\n\t\t\t\t<div class=\"elementor-widget-container\">\n\t\t\t\t\t\t\t\t\t<p>Robert Vilensky ha brindado asesoramiento y representaci\u00f3n legal excepcional a sus clientes durante casi 25 a\u00f1os. Su vasto conocimiento legal le permite evaluar con precisi\u00f3n un caso y recomendar la acci\u00f3n legal m\u00e1s efectiva, lo que explica los impresionantes resultados para sus clientes.<\/p><p>Bob Vilensky ha aparecido regularmente en el New York Post, Telemundo y otras estaciones de noticias por su trabajo con derechos civiles de alto perfil, brutalidad policial, arrestos ilegales e incluso demandas por COVID-19 en la ciudad de Nueva York.<\/p><p>Graduado summa cum laude de la Universidad Estatal de Nueva York, Cortland, el Sr. Vilensky obtuvo su t\u00edtulo de abogado (magna cum laude) en 1980 de la Universidad de Dayton, donde form\u00f3 parte del equipo editorial de Law Review y fue jefe de Litigios Equipo de apoyo.<\/p><p>Antes de convertirse en socio de Ronemus &amp; Vilensky, el Sr. Vilensky trabaj\u00f3 con bufetes de abogados de renombre en Nueva York, incluidos Paul Rheingold y Queller &amp; Fisher, perfeccionando sus habilidades en negligencia m\u00e9dica, envenenamiento por plomo y agravios complejos.<\/p><p>El Sr. Vilensky ha escrito extensamente para el New York Law Journal y The Trial Lawyers Quarterly. Sus art\u00edculos han cubierto una amplia gama de temas relacionados con cuestiones de leyes federales y estatales relacionadas con casos de lesiones graves.<\/p><p>Con licencia para ejercer en el estado de Nueva York, el Sr. Vilensky es miembro de muchas organizaciones profesionales, incluida la Asociaci\u00f3n de Abogados Litigantes de la Ciudad de Nueva York, <a href=\"https:\/\/www.nystla.org\/\" target=\"_blank\" rel=\"noopener\">la Asociaci\u00f3n de Abogados Litigantes del Estado de Nueva York<\/a>, la <a href=\"http:\/\/www.nndb.com\/org\/125\/000116774\/\" target=\"_blank\" rel=\"noopener\">Asociaci\u00f3n de Abogados Litigantes de Am\u00e9rica<\/a> y la <a href=\"https:\/\/www.americanbar.org\/\" target=\"_blank\" rel=\"noopener\">Colegio de Abogados de los Estados Unidos<\/a>.<\/p><p>Se le ha pedido al Sr. Vilensky que hable en funciones realizadas por la Asociaci\u00f3n de Abogados Litigantes del Estado de Nueva York, la Asociaci\u00f3n de Abogados de Brooklyn, la Asociaci\u00f3n de Abogados del Estado de Nueva York y los Servicios de Educaci\u00f3n de Lorman sobre temas que incluyen registros m\u00e9dicos, envenenamiento por plomo, t\u00e1cticas de juicio, anatom\u00eda y fisiolog\u00eda y descubrimiento legal.<\/p>\t\t\t\t\t\t\t\t<\/div>\n\t\t\t\t<\/div>\n\t\t\t\t\t<\/div>\n\t\t<\/div>\n\t\t\t\t\t<\/div>\n\t\t<\/section>\n\t\t\t\t<\/div>\n\t\t","protected":false},"excerpt":{"rendered":"<p>ABOUT ROBERT VILENSKY Robert Vilensky ha brindado asesoramiento y representaci\u00f3n legal excepcional a sus clientes durante casi 25 a\u00f1os. Su vasto conocimiento legal le permite evaluar con precisi\u00f3n un caso y recomendar la acci\u00f3n legal m\u00e1s efectiva, lo que explica los impresionantes resultados para sus clientes. Bob Vilensky ha aparecido regularmente en el New York <a class=\"more-link\" aria-label=\"Read more about Roberto Vilensky\" href=\"https:\/\/www.ronvil.com\/es\/acerca-de\/roberto-vilensky\/\">Read More \u00bb<\/a><\/p>\n","protected":false},"author":4,"featured_media":0,"parent":12301,"menu_order":0,"comment_status":"closed","ping_status":"closed","template":"elementor_header_footer","meta":{"_acf_changed":false,"footnotes":""},"class_list":["post-12335","page","type-page","status-publish","hentry"],"acf":[],"yoast_head":"<!-- This site is optimized with the Yoast SEO Premium plugin v27.3 (Yoast SEO v27.4) - https:\/\/yoast.com\/product\/yoast-seo-premium-wordpress\/ -->\n<title>Roberto Vilensky - Ronvil<\/title>\n<meta name=\"robots\" content=\"index, follow, max-snippet:-1, max-image-preview:large, max-video-preview:-1\" \/>\n<link rel=\"canonical\" href=\"https:\/\/www.ronvil.com\/es\/acerca-de\/roberto-vilensky\/\" \/>\n<meta property=\"og:locale\" content=\"es_ES\" \/>\n<meta property=\"og:type\" content=\"article\" \/>\n<meta property=\"og:title\" content=\"Roberto Vilensky\" \/>\n<meta property=\"og:description\" content=\"ABOUT ROBERT VILENSKY Robert Vilensky ha brindado asesoramiento y representaci\u00f3n legal excepcional a sus clientes durante casi 25 a\u00f1os. Su vasto conocimiento legal le permite evaluar con precisi\u00f3n un caso y recomendar la acci\u00f3n legal m\u00e1s efectiva, lo que explica los impresionantes resultados para sus clientes. Bob Vilensky ha aparecido regularmente en el New York Read More \u00bb\" \/>\n<meta property=\"og:url\" content=\"https:\/\/www.ronvil.com\/es\/acerca-de\/roberto-vilensky\/\" \/>\n<meta property=\"og:site_name\" content=\"Ronvil\" \/>\n<meta property=\"article:publisher\" content=\"https:\/\/www.facebook.com\/ronemusandvilensky\/\" \/>\n<meta property=\"article:modified_time\" content=\"2023-09-18T11:48:33+00:00\" \/>\n<meta property=\"og:image\" content=\"https:\/\/www.ronvil.com\/wp-content\/uploads\/2023\/02\/robert-vilensky.jpg\" \/>\n<meta name=\"twitter:card\" content=\"summary_large_image\" \/>\n<meta name=\"twitter:site\" content=\"@michaelronemus\" \/>\n<meta name=\"twitter:label1\" content=\"Tiempo de lectura\" \/>\n\t<meta name=\"twitter:data1\" content=\"2 minutos\" \/>\n<!-- \/ Yoast SEO Premium plugin. -->","yoast_head_json":{"title":"Roberto Vilensky - Ronvil","robots":{"index":"index","follow":"follow","max-snippet":"max-snippet:-1","max-image-preview":"max-image-preview:large","max-video-preview":"max-video-preview:-1"},"canonical":"https:\/\/www.ronvil.com\/es\/acerca-de\/roberto-vilensky\/","og_locale":"es_ES","og_type":"article","og_title":"Roberto Vilensky","og_description":"ABOUT ROBERT VILENSKY Robert Vilensky ha brindado asesoramiento y representaci\u00f3n legal excepcional a sus clientes durante casi 25 a\u00f1os. Su vasto conocimiento legal le permite evaluar con precisi\u00f3n un caso y recomendar la acci\u00f3n legal m\u00e1s efectiva, lo que explica los impresionantes resultados para sus clientes. Bob Vilensky ha aparecido regularmente en el New York Read More \u00bb","og_url":"https:\/\/www.ronvil.com\/es\/acerca-de\/roberto-vilensky\/","og_site_name":"Ronvil","article_publisher":"https:\/\/www.facebook.com\/ronemusandvilensky\/","article_modified_time":"2023-09-18T11:48:33+00:00","og_image":[{"url":"https:\/\/www.ronvil.com\/wp-content\/uploads\/2023\/02\/robert-vilensky.jpg","type":"","width":"","height":""}],"twitter_card":"summary_large_image","twitter_site":"@michaelronemus","twitter_misc":{"Tiempo de lectura":"2 minutos"},"schema":{"@context":"https:\/\/schema.org","@graph":[{"@type":"WebPage","@id":"https:\/\/www.ronvil.com\/es\/acerca-de\/roberto-vilensky\/","url":"https:\/\/www.ronvil.com\/es\/acerca-de\/roberto-vilensky\/","name":"Roberto Vilensky - Ronvil","isPartOf":{"@id":"https:\/\/www.ronvil.com\/es\/#website"},"primaryImageOfPage":{"@id":"https:\/\/www.ronvil.com\/es\/acerca-de\/roberto-vilensky\/#primaryimage"},"image":{"@id":"https:\/\/www.ronvil.com\/es\/acerca-de\/roberto-vilensky\/#primaryimage"},"thumbnailUrl":"https:\/\/www.ronvil.com\/wp-content\/uploads\/2023\/02\/robert-vilensky.jpg","datePublished":"2023-02-02T22:41:40+00:00","dateModified":"2023-09-18T11:48:33+00:00","breadcrumb":{"@id":"https:\/\/www.ronvil.com\/es\/acerca-de\/roberto-vilensky\/#breadcrumb"},"inLanguage":"es","potentialAction":[{"@type":"ReadAction","target":["https:\/\/www.ronvil.com\/es\/acerca-de\/roberto-vilensky\/"]}]},{"@type":"ImageObject","inLanguage":"es","@id":"https:\/\/www.ronvil.com\/es\/acerca-de\/roberto-vilensky\/#primaryimage","url":"https:\/\/www.ronvil.com\/wp-content\/uploads\/2023\/02\/robert-vilensky.jpg","contentUrl":"https:\/\/www.ronvil.com\/wp-content\/uploads\/2023\/02\/robert-vilensky.jpg"},{"@type":"BreadcrumbList","@id":"https:\/\/www.ronvil.com\/es\/acerca-de\/roberto-vilensky\/#breadcrumb","itemListElement":[{"@type":"ListItem","position":1,"name":"Home","item":"https:\/\/www.ronvil.com\/es\/"},{"@type":"ListItem","position":2,"name":"Acerca de","item":"https:\/\/www.ronvil.com\/es\/about\/"},{"@type":"ListItem","position":3,"name":"Roberto Vilensky"}]},{"@type":"WebSite","@id":"https:\/\/www.ronvil.com\/es\/#website","url":"https:\/\/www.ronvil.com\/es\/","name":"Ronemus & Vilensky LLP","description":"","publisher":{"@id":"https:\/\/www.ronvil.com\/es\/#organization"},"potentialAction":[{"@type":"SearchAction","target":{"@type":"EntryPoint","urlTemplate":"https:\/\/www.ronvil.com\/es\/?s={search_term_string}"},"query-input":{"@type":"PropertyValueSpecification","valueRequired":true,"valueName":"search_term_string"}}],"inLanguage":"es"},{"@type":"Organization","@id":"https:\/\/www.ronvil.com\/es\/#organization","name":"Ronemus & Vilensky","url":"https:\/\/www.ronvil.com\/es\/","logo":{"@type":"ImageObject","inLanguage":"es","@id":"https:\/\/www.ronvil.com\/es\/#\/schema\/logo\/image\/","url":"https:\/\/www.ronvil.com\/wp-content\/uploads\/2023\/01\/rv.png","contentUrl":"https:\/\/www.ronvil.com\/wp-content\/uploads\/2023\/01\/rv.png","width":175,"height":60,"caption":"Ronemus & Vilensky"},"image":{"@id":"https:\/\/www.ronvil.com\/es\/#\/schema\/logo\/image\/"},"sameAs":["https:\/\/www.facebook.com\/ronemusandvilensky\/","https:\/\/x.com\/michaelronemus","https:\/\/www.crunchbase.com\/organization\/ronemus-vilensky","https:\/\/www.linkedin.com\/company\/ronemus-&amp;-vilensky-llp","https:\/\/profiles.superlawyers.com\/new-york-metro\/new-york\/lawfirm\/ronemus-and-vilensky\/4a672c01-8d6e-4500-9971-e66a5c59ce67.html","https:\/\/pview.findlaw.com\/view\/1349698_1","https:\/\/www.youtube.com\/channel\/UChAz6FxQwa3zhnx6XYSIatw","https:\/\/www.hg.org\/attorney\/ronemus-and-vilensky\/115062"]}]}},"_links":{"self":[{"href":"https:\/\/www.ronvil.com\/es\/wp-json\/wp\/v2\/pages\/12335","targetHints":{"allow":["GET"]}}],"collection":[{"href":"https:\/\/www.ronvil.com\/es\/wp-json\/wp\/v2\/pages"}],"about":[{"href":"https:\/\/www.ronvil.com\/es\/wp-json\/wp\/v2\/types\/page"}],"author":[{"embeddable":true,"href":"https:\/\/www.ronvil.com\/es\/wp-json\/wp\/v2\/users\/4"}],"replies":[{"embeddable":true,"href":"https:\/\/www.ronvil.com\/es\/wp-json\/wp\/v2\/comments?post=12335"}],"version-history":[{"count":10,"href":"https:\/\/www.ronvil.com\/es\/wp-json\/wp\/v2\/pages\/12335\/revisions"}],"predecessor-version":[{"id":14785,"href":"https:\/\/www.ronvil.com\/es\/wp-json\/wp\/v2\/pages\/12335\/revisions\/14785"}],"up":[{"embeddable":true,"href":"https:\/\/www.ronvil.com\/es\/wp-json\/wp\/v2\/pages\/12301"}],"wp:attachment":[{"href":"https:\/\/www.ronvil.com\/es\/wp-json\/wp\/v2\/media?parent=12335"}],"curies":[{"name":"wp","href":"https:\/\/api.w.org\/{rel}","templated":true}]}}