{"id":12301,"date":"2023-02-02T23:16:08","date_gmt":"2023-02-02T22:16:08","guid":{"rendered":"http:\/\/localhost\/ronvilcom\/?page_id=12301"},"modified":"2023-09-18T13:47:52","modified_gmt":"2023-09-18T11:47:52","slug":"acerca-de","status":"publish","type":"page","link":"https:\/\/www.ronvil.com\/es\/acerca-de\/","title":{"rendered":"Acerca de"},"content":{"rendered":"\t\t<div data-elementor-type=\"wp-page\" data-elementor-id=\"12301\" class=\"elementor elementor-12301 elementor-9559\" data-elementor-post-type=\"page\">\n\t\t\t\t\t\t<section class=\"elementor-section elementor-top-section elementor-element elementor-element-ba78035 elementor-section-height-min-height elementor-section-boxed elementor-section-height-default elementor-section-items-middle\" data-id=\"ba78035\" data-element_type=\"section\" data-e-type=\"section\" data-settings=\"{&quot;background_background&quot;:&quot;classic&quot;}\">\n\t\t\t\t\t\t<div class=\"elementor-container elementor-column-gap-default\">\n\t\t\t\t\t<div class=\"elementor-column elementor-col-100 elementor-top-column elementor-element elementor-element-125c51c\" data-id=\"125c51c\" data-element_type=\"column\" data-e-type=\"column\">\n\t\t\t<div class=\"elementor-widget-wrap elementor-element-populated\">\n\t\t\t\t\t\t<div class=\"elementor-element elementor-element-c3a2dc3 elementor-widget elementor-widget-heading\" data-id=\"c3a2dc3\" data-element_type=\"widget\" data-e-type=\"widget\" data-widget_type=\"heading.default\">\n\t\t\t\t<div class=\"elementor-widget-container\">\n\t\t\t\t\t<p class=\"elementor-heading-title elementor-size-default\">ABOUT RONEMUS &amp; VILENSKY<\/p>\t\t\t\t<\/div>\n\t\t\t\t<\/div>\n\t\t\t\t\t<\/div>\n\t\t<\/div>\n\t\t\t\t\t<\/div>\n\t\t<\/section>\n\t\t\t\t<section class=\"elementor-section elementor-top-section elementor-element elementor-element-ef88039 elementor-section-boxed elementor-section-height-default elementor-section-height-default\" data-id=\"ef88039\" data-element_type=\"section\" data-e-type=\"section\">\n\t\t\t\t\t\t<div class=\"elementor-container elementor-column-gap-default\">\n\t\t\t\t\t<div class=\"elementor-column elementor-col-100 elementor-top-column elementor-element elementor-element-c2617a0\" data-id=\"c2617a0\" data-element_type=\"column\" data-e-type=\"column\">\n\t\t\t<div class=\"elementor-widget-wrap elementor-element-populated\">\n\t\t\t\t\t\t<div class=\"elementor-element elementor-element-ffd8fca elementor-widget elementor-widget-breadcrumbs\" data-id=\"ffd8fca\" data-element_type=\"widget\" data-e-type=\"widget\" data-widget_type=\"breadcrumbs.default\">\n\t\t\t\t<div class=\"elementor-widget-container\">\n\t\t\t\t\t<p id=\"breadcrumbs\"><span><span><a href=\"https:\/\/www.ronvil.com\/es\/\">Home<\/a><\/span><\/span><\/p>\t\t\t\t<\/div>\n\t\t\t\t<\/div>\n\t\t\t\t\t<\/div>\n\t\t<\/div>\n\t\t\t\t\t<\/div>\n\t\t<\/section>\n\t\t\t\t<section class=\"elementor-section elementor-top-section elementor-element elementor-element-c2de7b0 elementor-section-boxed elementor-section-height-default elementor-section-height-default\" data-id=\"c2de7b0\" data-element_type=\"section\" data-e-type=\"section\">\n\t\t\t\t\t\t<div class=\"elementor-container elementor-column-gap-default\">\n\t\t\t\t\t<div class=\"elementor-column elementor-col-50 elementor-top-column elementor-element elementor-element-8bd99f1\" data-id=\"8bd99f1\" data-element_type=\"column\" data-e-type=\"column\">\n\t\t\t<div class=\"elementor-widget-wrap elementor-element-populated\">\n\t\t\t\t\t\t<div class=\"elementor-element elementor-element-e5b84ea elementor-widget elementor-widget-image\" data-id=\"e5b84ea\" data-element_type=\"widget\" data-e-type=\"widget\" data-widget_type=\"image.default\">\n\t\t\t\t<div class=\"elementor-widget-container\">\n\t\t\t\t\t\t\t\t\t\t\t\t\t\t\t<img fetchpriority=\"high\" decoding=\"async\" width=\"800\" height=\"975\" src=\"https:\/\/www.ronvil.com\/wp-content\/uploads\/2023\/02\/about-ronvil-1-840x1024.jpg\" class=\"attachment-large size-large wp-image-9655\" alt=\"\" srcset=\"https:\/\/www.ronvil.com\/wp-content\/uploads\/2023\/02\/about-ronvil-1-840x1024.jpg 840w, https:\/\/www.ronvil.com\/wp-content\/uploads\/2023\/02\/about-ronvil-1-246x300.jpg 246w, https:\/\/www.ronvil.com\/wp-content\/uploads\/2023\/02\/about-ronvil-1-768x936.jpg 768w, https:\/\/www.ronvil.com\/wp-content\/uploads\/2023\/02\/about-ronvil-1.jpg 1000w\" sizes=\"(max-width: 800px) 100vw, 800px\" \/>\t\t\t\t\t\t\t\t\t\t\t\t\t\t\t<\/div>\n\t\t\t\t<\/div>\n\t\t\t\t<div class=\"elementor-element elementor-element-8f3dd49 elementor-widget elementor-widget-text-editor\" data-id=\"8f3dd49\" data-element_type=\"widget\" data-e-type=\"widget\" data-widget_type=\"text-editor.default\">\n\t\t\t\t<div class=\"elementor-widget-container\">\n\t\t\t\t\t\t\t\t\tRobert Vilensky &#038; Michael Ronemus\t\t\t\t\t\t\t\t<\/div>\n\t\t\t\t<\/div>\n\t\t\t\t\t<\/div>\n\t\t<\/div>\n\t\t\t\t<div class=\"elementor-column elementor-col-50 elementor-top-column elementor-element elementor-element-7e02b06\" data-id=\"7e02b06\" data-element_type=\"column\" data-e-type=\"column\">\n\t\t\t<div class=\"elementor-widget-wrap elementor-element-populated\">\n\t\t\t\t\t\t<div class=\"elementor-element elementor-element-602091b elementor-widget elementor-widget-heading\" data-id=\"602091b\" data-element_type=\"widget\" data-e-type=\"widget\" data-widget_type=\"heading.default\">\n\t\t\t\t<div class=\"elementor-widget-container\">\n\t\t\t\t\t<h2 class=\"elementor-heading-title elementor-size-default\">SOBRE LA FIRMA<\/h2>\t\t\t\t<\/div>\n\t\t\t\t<\/div>\n\t\t\t\t<div class=\"elementor-element elementor-element-f1f399d elementor-widget elementor-widget-text-editor\" data-id=\"f1f399d\" data-element_type=\"widget\" data-e-type=\"widget\" data-widget_type=\"text-editor.default\">\n\t\t\t\t<div class=\"elementor-widget-container\">\n\t\t\t\t\t\t\t\t\t<p>Los abogados <a href=\"https:\/\/www.ronvil.com\/es\/\">de Ronemus &amp; Vilensky<\/a> preparan cada caso como si fuera a juicio, ya sea que vaya o no. Si la compa\u00f1\u00eda de seguros no ofrece un acuerdo justo, estaremos preparados para llevar el caso a los tribunales. Esta posici\u00f3n fuerte y dedicada nos ha ganado una reputaci\u00f3n formidable entre las firmas de defensa y las compa\u00f1\u00edas de seguros.<\/p><p>El trabajo arduo, la preparaci\u00f3n minuciosa, las excelentes habilidades para los juicios y los a\u00f1os de experiencia, junto con los casos que merecen una compensaci\u00f3n sustancial, es la combinaci\u00f3n ganadora que permite a Robert Vilensky y\u00a0Michael Ronemus\u00a0obtener millones de d\u00f3lares para nuestros clientes.<\/p><p>El equipo de abogados se especializa en representar a clientes con las siguientes lesiones: par\u00e1lisis de Erb, par\u00e1lisis cerebral, lesi\u00f3n cerebral traum\u00e1tica, envenenamiento por plomo, negligencia m\u00e9dica o hospitalaria, discriminaci\u00f3n racial o sexual, accidentes de construcci\u00f3n, accidentes automovil\u00edsticos y otros tipos de accidentes graves, falsos arrestos y agresiones o abusos policiales.\u00a0<a style=\"font-size: 1.1em; background-color: #ffffff;\" href=\"https:\/\/www.ronvil.com\/es\/resultados-del-caso\/\" target=\"_blank\" rel=\"noopener\">Ver archivo de casos<\/a><\/p><p>Si tiene un caso que le gustar\u00eda discutir, no\u00a0<a href=\"https:\/\/www.ronvil.com\/es\/contact\/\" target=\"_blank\" rel=\"noopener\">dude en comunicarse con<\/a>\u00a0los abogados de Ronemus &amp; Vilensky. Mantendremos toda la informaci\u00f3n estrictamente confidencial y NO HAY CARGO por una consulta. De hecho, todos los casos que tomamos son contingentes, lo que significa que no paga los honorarios de los abogados a menos que Ronemus &amp; Vilensky\u00a0gane su caso por usted.<\/p>\t\t\t\t\t\t\t\t<\/div>\n\t\t\t\t<\/div>\n\t\t\t\t<div class=\"elementor-element elementor-element-bdb9c3e elementor-align-left elementor-widget__width-auto elementor-widget elementor-widget-button\" data-id=\"bdb9c3e\" data-element_type=\"widget\" data-e-type=\"widget\" data-widget_type=\"button.default\">\n\t\t\t\t<div class=\"elementor-widget-container\">\n\t\t\t\t\t\t\t\t\t<div class=\"elementor-button-wrapper\">\n\t\t\t\t\t<a class=\"elementor-button elementor-button-link elementor-size-sm\" href=\"https:\/\/www.ronvil.com\/es\/acerca-de\/roberto-vilensky\/\">\n\t\t\t\t\t\t<span class=\"elementor-button-content-wrapper\">\n\t\t\t\t\t\t\t\t\t<span class=\"elementor-button-text\">Sobre Robert Vilensky<\/span>\n\t\t\t\t\t<\/span>\n\t\t\t\t\t<\/a>\n\t\t\t\t<\/div>\n\t\t\t\t\t\t\t\t<\/div>\n\t\t\t\t<\/div>\n\t\t\t\t<div class=\"elementor-element elementor-element-f3536cc elementor-align-left elementor-widget__width-auto elementor-widget elementor-widget-button\" data-id=\"f3536cc\" data-element_type=\"widget\" data-e-type=\"widget\" data-widget_type=\"button.default\">\n\t\t\t\t<div class=\"elementor-widget-container\">\n\t\t\t\t\t\t\t\t\t<div class=\"elementor-button-wrapper\">\n\t\t\t\t\t<a class=\"elementor-button elementor-button-link elementor-size-sm\" href=\"https:\/\/www.ronvil.com\/es\/acerca-de\/miguel-ronemus\/\">\n\t\t\t\t\t\t<span class=\"elementor-button-content-wrapper\">\n\t\t\t\t\t\t\t\t\t<span class=\"elementor-button-text\">Acerca de Michael Ronemus<\/span>\n\t\t\t\t\t<\/span>\n\t\t\t\t\t<\/a>\n\t\t\t\t<\/div>\n\t\t\t\t\t\t\t\t<\/div>\n\t\t\t\t<\/div>\n\t\t\t\t\t<\/div>\n\t\t<\/div>\n\t\t\t\t\t<\/div>\n\t\t<\/section>\n\t\t\t\t<\/div>\n\t\t","protected":false},"excerpt":{"rendered":"<p>ABOUT RONEMUS &amp; VILENSKY Robert Vilensky &#038; Michael Ronemus SOBRE LA FIRMA Los abogados de Ronemus &amp; Vilensky preparan cada caso como si fuera a juicio, ya sea que vaya o no. Si la compa\u00f1\u00eda de seguros no ofrece un acuerdo justo, estaremos preparados para llevar el caso a los tribunales. Esta posici\u00f3n fuerte y <a class=\"more-link\" aria-label=\"Read more about Acerca de\" href=\"https:\/\/www.ronvil.com\/es\/acerca-de\/\">Read More \u00bb<\/a><\/p>\n","protected":false},"author":4,"featured_media":0,"parent":0,"menu_order":0,"comment_status":"closed","ping_status":"closed","template":"elementor_header_footer","meta":{"_acf_changed":false,"footnotes":""},"class_list":["post-12301","page","type-page","status-publish","hentry"],"acf":[],"yoast_head":"<!-- This site is optimized with the Yoast SEO Premium plugin v27.3 (Yoast SEO v27.5) - https:\/\/yoast.com\/product\/yoast-seo-premium-wordpress\/ -->\n<title>Acerca de - Ronvil<\/title>\n<meta name=\"robots\" content=\"index, follow, max-snippet:-1, max-image-preview:large, max-video-preview:-1\" \/>\n<link rel=\"canonical\" href=\"https:\/\/www.ronvil.com\/es\/acerca-de\/\" \/>\n<meta property=\"og:locale\" content=\"es_ES\" \/>\n<meta property=\"og:type\" content=\"article\" \/>\n<meta property=\"og:title\" content=\"Acerca de\" \/>\n<meta property=\"og:description\" content=\"ABOUT RONEMUS &amp; VILENSKY Robert Vilensky &#038; Michael Ronemus SOBRE LA FIRMA Los abogados de Ronemus &amp; Vilensky preparan cada caso como si fuera a juicio, ya sea que vaya o no. Si la compa\u00f1\u00eda de seguros no ofrece un acuerdo justo, estaremos preparados para llevar el caso a los tribunales. Esta posici\u00f3n fuerte y Read More \u00bb\" \/>\n<meta property=\"og:url\" content=\"https:\/\/www.ronvil.com\/es\/acerca-de\/\" \/>\n<meta property=\"og:site_name\" content=\"Ronvil\" \/>\n<meta property=\"article:publisher\" content=\"https:\/\/www.facebook.com\/ronemusandvilensky\/\" \/>\n<meta property=\"article:modified_time\" content=\"2023-09-18T11:47:52+00:00\" \/>\n<meta property=\"og:image\" content=\"https:\/\/www.ronvil.com\/wp-content\/uploads\/2023\/02\/about-ronvil-1-840x1024.jpg\" \/>\n<meta name=\"twitter:card\" content=\"summary_large_image\" \/>\n<meta name=\"twitter:site\" content=\"@michaelronemus\" \/>\n<meta name=\"twitter:label1\" content=\"Tiempo de lectura\" \/>\n\t<meta name=\"twitter:data1\" content=\"2 minutos\" \/>\n<!-- \/ Yoast SEO Premium plugin. -->","yoast_head_json":{"title":"Acerca de - Ronvil","robots":{"index":"index","follow":"follow","max-snippet":"max-snippet:-1","max-image-preview":"max-image-preview:large","max-video-preview":"max-video-preview:-1"},"canonical":"https:\/\/www.ronvil.com\/es\/acerca-de\/","og_locale":"es_ES","og_type":"article","og_title":"Acerca de","og_description":"ABOUT RONEMUS &amp; VILENSKY Robert Vilensky &#038; Michael Ronemus SOBRE LA FIRMA Los abogados de Ronemus &amp; Vilensky preparan cada caso como si fuera a juicio, ya sea que vaya o no. Si la compa\u00f1\u00eda de seguros no ofrece un acuerdo justo, estaremos preparados para llevar el caso a los tribunales. Esta posici\u00f3n fuerte y Read More \u00bb","og_url":"https:\/\/www.ronvil.com\/es\/acerca-de\/","og_site_name":"Ronvil","article_publisher":"https:\/\/www.facebook.com\/ronemusandvilensky\/","article_modified_time":"2023-09-18T11:47:52+00:00","og_image":[{"url":"https:\/\/www.ronvil.com\/wp-content\/uploads\/2023\/02\/about-ronvil-1-840x1024.jpg","type":"","width":"","height":""}],"twitter_card":"summary_large_image","twitter_site":"@michaelronemus","twitter_misc":{"Tiempo de lectura":"2 minutos"},"schema":{"@context":"https:\/\/schema.org","@graph":[{"@type":"WebPage","@id":"https:\/\/www.ronvil.com\/es\/acerca-de\/","url":"https:\/\/www.ronvil.com\/es\/acerca-de\/","name":"Acerca de - Ronvil","isPartOf":{"@id":"https:\/\/www.ronvil.com\/es\/#website"},"primaryImageOfPage":{"@id":"https:\/\/www.ronvil.com\/es\/acerca-de\/#primaryimage"},"image":{"@id":"https:\/\/www.ronvil.com\/es\/acerca-de\/#primaryimage"},"thumbnailUrl":"https:\/\/www.ronvil.com\/wp-content\/uploads\/2023\/02\/about-ronvil-1-840x1024.jpg","datePublished":"2023-02-02T22:16:08+00:00","dateModified":"2023-09-18T11:47:52+00:00","breadcrumb":{"@id":"https:\/\/www.ronvil.com\/es\/acerca-de\/#breadcrumb"},"inLanguage":"es","potentialAction":[{"@type":"ReadAction","target":["https:\/\/www.ronvil.com\/es\/acerca-de\/"]}]},{"@type":"ImageObject","inLanguage":"es","@id":"https:\/\/www.ronvil.com\/es\/acerca-de\/#primaryimage","url":"https:\/\/www.ronvil.com\/wp-content\/uploads\/2023\/02\/about-ronvil-1-840x1024.jpg","contentUrl":"https:\/\/www.ronvil.com\/wp-content\/uploads\/2023\/02\/about-ronvil-1-840x1024.jpg"},{"@type":"BreadcrumbList","@id":"https:\/\/www.ronvil.com\/es\/acerca-de\/#breadcrumb","itemListElement":[{"@type":"ListItem","position":1,"name":"Home","item":"https:\/\/www.ronvil.com\/es\/"},{"@type":"ListItem","position":2,"name":"Acerca de"}]},{"@type":"WebSite","@id":"https:\/\/www.ronvil.com\/es\/#website","url":"https:\/\/www.ronvil.com\/es\/","name":"Ronemus & Vilensky LLP","description":"","publisher":{"@id":"https:\/\/www.ronvil.com\/es\/#organization"},"potentialAction":[{"@type":"SearchAction","target":{"@type":"EntryPoint","urlTemplate":"https:\/\/www.ronvil.com\/es\/?s={search_term_string}"},"query-input":{"@type":"PropertyValueSpecification","valueRequired":true,"valueName":"search_term_string"}}],"inLanguage":"es"},{"@type":"Organization","@id":"https:\/\/www.ronvil.com\/es\/#organization","name":"Ronemus & Vilensky","url":"https:\/\/www.ronvil.com\/es\/","logo":{"@type":"ImageObject","inLanguage":"es","@id":"https:\/\/www.ronvil.com\/es\/#\/schema\/logo\/image\/","url":"https:\/\/www.ronvil.com\/wp-content\/uploads\/2023\/01\/rv.png","contentUrl":"https:\/\/www.ronvil.com\/wp-content\/uploads\/2023\/01\/rv.png","width":175,"height":60,"caption":"Ronemus & Vilensky"},"image":{"@id":"https:\/\/www.ronvil.com\/es\/#\/schema\/logo\/image\/"},"sameAs":["https:\/\/www.facebook.com\/ronemusandvilensky\/","https:\/\/x.com\/michaelronemus","https:\/\/www.crunchbase.com\/organization\/ronemus-vilensky","https:\/\/www.linkedin.com\/company\/ronemus-&amp;-vilensky-llp","https:\/\/profiles.superlawyers.com\/new-york-metro\/new-york\/lawfirm\/ronemus-and-vilensky\/4a672c01-8d6e-4500-9971-e66a5c59ce67.html","https:\/\/pview.findlaw.com\/view\/1349698_1","https:\/\/www.youtube.com\/channel\/UChAz6FxQwa3zhnx6XYSIatw","https:\/\/www.hg.org\/attorney\/ronemus-and-vilensky\/115062"]}]}},"_links":{"self":[{"href":"https:\/\/www.ronvil.com\/es\/wp-json\/wp\/v2\/pages\/12301","targetHints":{"allow":["GET"]}}],"collection":[{"href":"https:\/\/www.ronvil.com\/es\/wp-json\/wp\/v2\/pages"}],"about":[{"href":"https:\/\/www.ronvil.com\/es\/wp-json\/wp\/v2\/types\/page"}],"author":[{"embeddable":true,"href":"https:\/\/www.ronvil.com\/es\/wp-json\/wp\/v2\/users\/4"}],"replies":[{"embeddable":true,"href":"https:\/\/www.ronvil.com\/es\/wp-json\/wp\/v2\/comments?post=12301"}],"version-history":[{"count":31,"href":"https:\/\/www.ronvil.com\/es\/wp-json\/wp\/v2\/pages\/12301\/revisions"}],"predecessor-version":[{"id":14782,"href":"https:\/\/www.ronvil.com\/es\/wp-json\/wp\/v2\/pages\/12301\/revisions\/14782"}],"wp:attachment":[{"href":"https:\/\/www.ronvil.com\/es\/wp-json\/wp\/v2\/media?parent=12301"}],"curies":[{"name":"wp","href":"https:\/\/api.w.org\/{rel}","templated":true}]}}